{"id":30548,"date":"2025-07-03T12:52:35","date_gmt":"2025-07-03T18:52:35","guid":{"rendered":"https:\/\/sukabumistone.com\/?post_type=product&#038;p=30548"},"modified":"2025-09-22T16:26:55","modified_gmt":"2025-09-22T22:26:55","slug":"ovalin-de-cascaron-de-piedra-de-rio-chico","status":"publish","type":"product","link":"https:\/\/sukabumistone.com\/en\/product\/ovalin-de-cascaron-de-piedra-de-rio-chico\/","title":{"rendered":"Oval\u00edn de Cascar\u00f3n de Piedra de R\u00edo Chico"},"content":{"rendered":"","protected":false},"excerpt":{"rendered":"<p>Oval\u00edn labrado a mano en una sola pieza de piedra de Rio, siendo una pieza \u00fanica por naturaleza.<\/p>\n<p>*Al ser piezas naturales, los colores, formas y texturas pueden variar; imagen solo ilustrativa.<\/p>\n<p>*Envio Gr\u00e1tis a toda la Rep\u00fablica Mexicana<\/p>","protected":false},"featured_media":30550,"template":"","meta":{"_acf_changed":false},"product_brand":[],"product_cat":[15,132,126,131],"product_tag":[],"class_list":{"0":"post-30548","1":"product","2":"type-product","3":"status-publish","4":"has-post-thumbnail","6":"product_cat-piedra","7":"product_cat-chico-piedra-de-rio-cascaron","8":"product_cat-ovalines-productos","9":"product_cat-piedra-de-rio-cascaron","10":"product_shipping_class-ovalines-envio-gratis","12":"first","13":"instock","14":"taxable","15":"shipping-taxable","16":"purchasable","17":"product-type-simple"},"acf":[],"_links":{"self":[{"href":"https:\/\/sukabumistone.com\/en\/wp-json\/wp\/v2\/product\/30548","targetHints":{"allow":["GET"]}}],"collection":[{"href":"https:\/\/sukabumistone.com\/en\/wp-json\/wp\/v2\/product"}],"about":[{"href":"https:\/\/sukabumistone.com\/en\/wp-json\/wp\/v2\/types\/product"}],"wp:featuredmedia":[{"embeddable":true,"href":"https:\/\/sukabumistone.com\/en\/wp-json\/wp\/v2\/media\/30550"}],"wp:attachment":[{"href":"https:\/\/sukabumistone.com\/en\/wp-json\/wp\/v2\/media?parent=30548"}],"wp:term":[{"taxonomy":"product_brand","embeddable":true,"href":"https:\/\/sukabumistone.com\/en\/wp-json\/wp\/v2\/product_brand?post=30548"},{"taxonomy":"product_cat","embeddable":true,"href":"https:\/\/sukabumistone.com\/en\/wp-json\/wp\/v2\/product_cat?post=30548"},{"taxonomy":"product_tag","embeddable":true,"href":"https:\/\/sukabumistone.com\/en\/wp-json\/wp\/v2\/product_tag?post=30548"}],"curies":[{"name":"wp","href":"https:\/\/api.w.org\/{rel}","templated":true}]}}