{"id":30031,"date":"2025-01-13T15:10:24","date_gmt":"2025-01-13T21:10:24","guid":{"rendered":"https:\/\/sukabumistone.com\/?post_type=product&#038;p=30031"},"modified":"2025-01-13T15:13:21","modified_gmt":"2025-01-13T21:13:21","slug":"mesa-de-madera-petrificada-mediana","status":"publish","type":"product","link":"https:\/\/sukabumistone.com\/en\/product\/mesa-de-madera-petrificada-mediana\/","title":{"rendered":"Mesa de Madera Petrificada (mediana)"},"content":{"rendered":"","protected":false},"excerpt":{"rendered":"<p>Estas mesas de centro, elaboradas con aut\u00e9ntica madera petrificada importada de Indonesia, son piezas \u00fanicas que combinan la belleza natural con un dise\u00f1o contempor\u00e1neo, ideales para est\u00e9ticas sofisticados y orientados a elementos naturales . Con formas org\u00e1nicas e irregulares, y una base de acero negro mate, son perfectas para decorar salas, oficinas o espacios premium.<\/p>","protected":false},"featured_media":30026,"template":"","meta":{"_acf_changed":false},"product_brand":[],"product_cat":[15],"product_tag":[],"class_list":{"0":"post-30031","1":"product","2":"type-product","3":"status-publish","4":"has-post-thumbnail","6":"product_cat-piedra","8":"first","9":"instock","10":"taxable","11":"shipping-taxable","12":"purchasable","13":"product-type-simple"},"acf":[],"_links":{"self":[{"href":"https:\/\/sukabumistone.com\/en\/wp-json\/wp\/v2\/product\/30031","targetHints":{"allow":["GET"]}}],"collection":[{"href":"https:\/\/sukabumistone.com\/en\/wp-json\/wp\/v2\/product"}],"about":[{"href":"https:\/\/sukabumistone.com\/en\/wp-json\/wp\/v2\/types\/product"}],"wp:featuredmedia":[{"embeddable":true,"href":"https:\/\/sukabumistone.com\/en\/wp-json\/wp\/v2\/media\/30026"}],"wp:attachment":[{"href":"https:\/\/sukabumistone.com\/en\/wp-json\/wp\/v2\/media?parent=30031"}],"wp:term":[{"taxonomy":"product_brand","embeddable":true,"href":"https:\/\/sukabumistone.com\/en\/wp-json\/wp\/v2\/product_brand?post=30031"},{"taxonomy":"product_cat","embeddable":true,"href":"https:\/\/sukabumistone.com\/en\/wp-json\/wp\/v2\/product_cat?post=30031"},{"taxonomy":"product_tag","embeddable":true,"href":"https:\/\/sukabumistone.com\/en\/wp-json\/wp\/v2\/product_tag?post=30031"}],"curies":[{"name":"wp","href":"https:\/\/api.w.org\/{rel}","templated":true}]}}