{"id":30021,"date":"2025-01-13T10:46:06","date_gmt":"2025-01-13T16:46:06","guid":{"rendered":"https:\/\/sukabumistone.com\/?post_type=product&#038;p=30021"},"modified":"2025-01-17T16:46:37","modified_gmt":"2025-01-17T22:46:37","slug":"mesa-de-madera-petrificada-chica","status":"publish","type":"product","link":"https:\/\/sukabumistone.com\/en\/product\/mesa-de-madera-petrificada-chica\/","title":{"rendered":"Mesa de Madera Petrificada Chica"},"content":{"rendered":"","protected":false},"excerpt":{"rendered":"<p>Esta mesa de centro, elaborada con aut\u00e9ntica madera petrificada importada de Indonesia, es una piezas \u00fanica que combina la belleza natural con un dise\u00f1o contempor\u00e1neo, ideales para espacios. Con formas org\u00e1nicas e irregulares, y una base de acero negro mate, esta mesa es perdecta para decorar salas, oficinas o espacios premium.}<\/p>\n<p>*El envio se cotiza por separado<\/p>","protected":false},"featured_media":30024,"template":"","meta":{"_acf_changed":false},"product_brand":[],"product_cat":[224,146,125],"product_tag":[],"class_list":{"0":"post-30021","1":"product","2":"type-product","3":"status-publish","4":"has-post-thumbnail","6":"product_cat-cubiertas","7":"product_cat-lamparas-de-piedra-y-cubiertas","8":"product_cat-productos","10":"first","11":"instock","12":"taxable","13":"shipping-taxable","14":"purchasable","15":"product-type-simple"},"acf":[],"_links":{"self":[{"href":"https:\/\/sukabumistone.com\/en\/wp-json\/wp\/v2\/product\/30021","targetHints":{"allow":["GET"]}}],"collection":[{"href":"https:\/\/sukabumistone.com\/en\/wp-json\/wp\/v2\/product"}],"about":[{"href":"https:\/\/sukabumistone.com\/en\/wp-json\/wp\/v2\/types\/product"}],"wp:featuredmedia":[{"embeddable":true,"href":"https:\/\/sukabumistone.com\/en\/wp-json\/wp\/v2\/media\/30024"}],"wp:attachment":[{"href":"https:\/\/sukabumistone.com\/en\/wp-json\/wp\/v2\/media?parent=30021"}],"wp:term":[{"taxonomy":"product_brand","embeddable":true,"href":"https:\/\/sukabumistone.com\/en\/wp-json\/wp\/v2\/product_brand?post=30021"},{"taxonomy":"product_cat","embeddable":true,"href":"https:\/\/sukabumistone.com\/en\/wp-json\/wp\/v2\/product_cat?post=30021"},{"taxonomy":"product_tag","embeddable":true,"href":"https:\/\/sukabumistone.com\/en\/wp-json\/wp\/v2\/product_tag?post=30021"}],"curies":[{"name":"wp","href":"https:\/\/api.w.org\/{rel}","templated":true}]}}