{"id":29941,"date":"2025-01-07T23:48:19","date_gmt":"2025-01-08T05:48:19","guid":{"rendered":"https:\/\/sukabumistone.com\/?post_type=product&#038;p=29941"},"modified":"2025-01-08T11:42:05","modified_gmt":"2025-01-08T17:42:05","slug":"ovalin-de-pedestal-piedra-de-rio-cuenco","status":"publish","type":"product","link":"https:\/\/sukabumistone.com\/en\/product\/ovalin-de-pedestal-piedra-de-rio-cuenco\/","title":{"rendered":"Oval\u00edn de Pedestal Piedra de Rio Cuenco"},"content":{"rendered":"","protected":false},"excerpt":{"rendered":"<p>Oval\u00edn labrado a mano en una sola pieza de piedra de r\u00edo natural proveniente de Indonesia, es una pieza \u00fanica por naturaleza.<\/p>\n<p>* Las medidas corresponden a un oval\u00edn en espec\u00edfico y son ilustrativas, debido a la naturaleza del producto, cada oval\u00edn cuenta con medidas distintas. Cada pieza es diferente en medida, peso y color y puede variar a los tonos de fotograf\u00edas. Consulta los modelos disponibles<\/p>\n<p>*No incluye Envio<\/p>","protected":false},"featured_media":29942,"template":"","meta":{"_acf_changed":false},"product_brand":[],"product_cat":[214,145,125],"product_tag":[],"class_list":{"0":"post-29941","1":"product","2":"type-product","3":"status-publish","4":"has-post-thumbnail","6":"product_cat-piedra-natural","7":"product_cat-tinas-de-piedra","8":"product_cat-productos","9":"product_shipping_class-el-envio-se-cotiza-por-separado","11":"first","12":"instock","13":"taxable","14":"shipping-taxable","15":"purchasable","16":"product-type-simple"},"acf":[],"_links":{"self":[{"href":"https:\/\/sukabumistone.com\/en\/wp-json\/wp\/v2\/product\/29941","targetHints":{"allow":["GET"]}}],"collection":[{"href":"https:\/\/sukabumistone.com\/en\/wp-json\/wp\/v2\/product"}],"about":[{"href":"https:\/\/sukabumistone.com\/en\/wp-json\/wp\/v2\/types\/product"}],"wp:featuredmedia":[{"embeddable":true,"href":"https:\/\/sukabumistone.com\/en\/wp-json\/wp\/v2\/media\/29942"}],"wp:attachment":[{"href":"https:\/\/sukabumistone.com\/en\/wp-json\/wp\/v2\/media?parent=29941"}],"wp:term":[{"taxonomy":"product_brand","embeddable":true,"href":"https:\/\/sukabumistone.com\/en\/wp-json\/wp\/v2\/product_brand?post=29941"},{"taxonomy":"product_cat","embeddable":true,"href":"https:\/\/sukabumistone.com\/en\/wp-json\/wp\/v2\/product_cat?post=29941"},{"taxonomy":"product_tag","embeddable":true,"href":"https:\/\/sukabumistone.com\/en\/wp-json\/wp\/v2\/product_tag?post=29941"}],"curies":[{"name":"wp","href":"https:\/\/api.w.org\/{rel}","templated":true}]}}