{"id":29657,"date":"2024-11-12T16:38:39","date_gmt":"2024-11-12T22:38:39","guid":{"rendered":"https:\/\/sukabumistone.com\/?post_type=product&#038;p=29657"},"modified":"2024-11-13T11:26:48","modified_gmt":"2024-11-13T17:26:48","slug":"piso-de-piedra-orion-m2","status":"publish","type":"product","link":"https:\/\/sukabumistone.com\/en\/product\/piso-de-piedra-orion-m2\/","title":{"rendered":"Piso de Piedra Ori\u00f3n (m2)"},"content":{"rendered":"","protected":false},"excerpt":{"rendered":"<p>M\u00e1rmol importado \u00fanico en M\u00e9xico, ideal para uso en piscinas y zonas h\u00famedas. Gracias a su composici\u00f3n natural, se convierte en la elecci\u00f3n perfecta para revestir piscinas, suelos y paredes tanto secas como h\u00famedas, as\u00ed como para revestimientos en interiores o exteriores.<\/p>\n<p>*Al ser piedra natural, los colores y vetas pueden variar; imagen solo ilustrativa.<\/p>","protected":false},"featured_media":29663,"template":"","meta":{"_acf_changed":false},"product_brand":[],"product_cat":[15,148],"product_tag":[],"class_list":{"0":"post-29657","1":"product","2":"type-product","3":"status-publish","4":"has-post-thumbnail","6":"product_cat-piedra","7":"product_cat-pisos-de-piedra","8":"product_shipping_class-el-envio-se-cotiza-por-separado","9":"pa_size-10x10x01-cm","10":"pa_size-20x20-cm","12":"first","13":"instock","14":"featured","15":"taxable","16":"shipping-taxable","17":"purchasable","18":"product-type-variable","19":"has-default-attributes"},"acf":[],"_links":{"self":[{"href":"https:\/\/sukabumistone.com\/en\/wp-json\/wp\/v2\/product\/29657","targetHints":{"allow":["GET"]}}],"collection":[{"href":"https:\/\/sukabumistone.com\/en\/wp-json\/wp\/v2\/product"}],"about":[{"href":"https:\/\/sukabumistone.com\/en\/wp-json\/wp\/v2\/types\/product"}],"wp:featuredmedia":[{"embeddable":true,"href":"https:\/\/sukabumistone.com\/en\/wp-json\/wp\/v2\/media\/29663"}],"wp:attachment":[{"href":"https:\/\/sukabumistone.com\/en\/wp-json\/wp\/v2\/media?parent=29657"}],"wp:term":[{"taxonomy":"product_brand","embeddable":true,"href":"https:\/\/sukabumistone.com\/en\/wp-json\/wp\/v2\/product_brand?post=29657"},{"taxonomy":"product_cat","embeddable":true,"href":"https:\/\/sukabumistone.com\/en\/wp-json\/wp\/v2\/product_cat?post=29657"},{"taxonomy":"product_tag","embeddable":true,"href":"https:\/\/sukabumistone.com\/en\/wp-json\/wp\/v2\/product_tag?post=29657"}],"curies":[{"name":"wp","href":"https:\/\/api.w.org\/{rel}","templated":true}]}}