{"id":29417,"date":"2024-08-05T13:06:00","date_gmt":"2024-08-05T19:06:00","guid":{"rendered":"https:\/\/sukabumistone.com\/?post_type=product&#038;p=29417"},"modified":"2025-09-15T11:24:00","modified_gmt":"2025-09-15T17:24:00","slug":"marmol-ea-gris-mediano","status":"publish","type":"product","link":"https:\/\/sukabumistone.com\/en\/product\/marmol-ea-gris-mediano\/","title":{"rendered":"M\u00c1RMOL EA Gris (Mediano)"},"content":{"rendered":"","protected":false},"excerpt":{"rendered":"<p>Piezas \u00fanicas por naturaleza labrado a mano en una sola pieza en m\u00e1rmol<\/p>","protected":false},"featured_media":29453,"template":"","meta":{"_acf_changed":false},"product_brand":[],"product_cat":[216,217,15,125],"product_tag":[211],"class_list":{"0":"post-29417","1":"product","2":"type-product","3":"status-publish","4":"has-post-thumbnail","6":"product_cat-outlet","7":"product_cat-outlet-ovalines","8":"product_cat-piedra","9":"product_cat-productos","10":"product_tag-outlet","11":"product_shipping_class-ovalines-envio-gratis","13":"first","14":"instock","15":"sale","16":"taxable","17":"shipping-taxable","18":"purchasable","19":"product-type-simple"},"acf":[],"_links":{"self":[{"href":"https:\/\/sukabumistone.com\/en\/wp-json\/wp\/v2\/product\/29417","targetHints":{"allow":["GET"]}}],"collection":[{"href":"https:\/\/sukabumistone.com\/en\/wp-json\/wp\/v2\/product"}],"about":[{"href":"https:\/\/sukabumistone.com\/en\/wp-json\/wp\/v2\/types\/product"}],"wp:featuredmedia":[{"embeddable":true,"href":"https:\/\/sukabumistone.com\/en\/wp-json\/wp\/v2\/media\/29453"}],"wp:attachment":[{"href":"https:\/\/sukabumistone.com\/en\/wp-json\/wp\/v2\/media?parent=29417"}],"wp:term":[{"taxonomy":"product_brand","embeddable":true,"href":"https:\/\/sukabumistone.com\/en\/wp-json\/wp\/v2\/product_brand?post=29417"},{"taxonomy":"product_cat","embeddable":true,"href":"https:\/\/sukabumistone.com\/en\/wp-json\/wp\/v2\/product_cat?post=29417"},{"taxonomy":"product_tag","embeddable":true,"href":"https:\/\/sukabumistone.com\/en\/wp-json\/wp\/v2\/product_tag?post=29417"}],"curies":[{"name":"wp","href":"https:\/\/api.w.org\/{rel}","templated":true}]}}