{"id":29403,"date":"2024-08-02T18:02:29","date_gmt":"2024-08-03T00:02:29","guid":{"rendered":"https:\/\/sukabumistone.com\/?post_type=product&#038;p=29403"},"modified":"2025-09-15T11:30:39","modified_gmt":"2025-09-15T17:30:39","slug":"marmol-pulido-grande","status":"publish","type":"product","link":"https:\/\/sukabumistone.com\/en\/product\/marmol-pulido-grande\/","title":{"rendered":"M\u00e1rmol Pulido  (Grande)"},"content":{"rendered":"","protected":false},"excerpt":{"rendered":"<p>Piezas \u00fanicas por naturaleza labrado a mano en una sola pieza en m\u00e1rmol<\/p>","protected":false},"featured_media":29392,"template":"","meta":{"_acf_changed":false},"product_brand":[],"product_cat":[216,217,15,125],"product_tag":[211],"class_list":{"0":"post-29403","1":"product","2":"type-product","3":"status-publish","4":"has-post-thumbnail","6":"product_cat-outlet","7":"product_cat-outlet-ovalines","8":"product_cat-piedra","9":"product_cat-productos","10":"product_tag-outlet","11":"product_shipping_class-ovalines-envio-gratis","13":"first","14":"instock","15":"sale","16":"taxable","17":"shipping-taxable","18":"purchasable","19":"product-type-simple"},"acf":[],"_links":{"self":[{"href":"https:\/\/sukabumistone.com\/en\/wp-json\/wp\/v2\/product\/29403","targetHints":{"allow":["GET"]}}],"collection":[{"href":"https:\/\/sukabumistone.com\/en\/wp-json\/wp\/v2\/product"}],"about":[{"href":"https:\/\/sukabumistone.com\/en\/wp-json\/wp\/v2\/types\/product"}],"wp:featuredmedia":[{"embeddable":true,"href":"https:\/\/sukabumistone.com\/en\/wp-json\/wp\/v2\/media\/29392"}],"wp:attachment":[{"href":"https:\/\/sukabumistone.com\/en\/wp-json\/wp\/v2\/media?parent=29403"}],"wp:term":[{"taxonomy":"product_brand","embeddable":true,"href":"https:\/\/sukabumistone.com\/en\/wp-json\/wp\/v2\/product_brand?post=29403"},{"taxonomy":"product_cat","embeddable":true,"href":"https:\/\/sukabumistone.com\/en\/wp-json\/wp\/v2\/product_cat?post=29403"},{"taxonomy":"product_tag","embeddable":true,"href":"https:\/\/sukabumistone.com\/en\/wp-json\/wp\/v2\/product_tag?post=29403"}],"curies":[{"name":"wp","href":"https:\/\/api.w.org\/{rel}","templated":true}]}}