{"id":25988,"date":"2022-07-19T18:16:54","date_gmt":"2022-07-19T23:16:54","guid":{"rendered":"https:\/\/sukabumistone.com\/?post_type=product&#038;p=25988"},"modified":"2024-11-01T17:14:17","modified_gmt":"2024-11-01T23:14:17","slug":"piso-de-piedra-andesita-gray-m2","status":"publish","type":"product","link":"https:\/\/sukabumistone.com\/en\/product\/piso-de-piedra-andesita-gray-m2\/","title":{"rendered":"Piso de piedra Andesita (m2)"},"content":{"rendered":"","protected":false},"excerpt":{"rendered":"<p>La Andesita es una piedra proveniente de piedras volc\u00e1nicas, su aplicaci\u00f3n individual parece est\u00e9ticamente una fosa natural y puede funcionar como complemento visual junto a la aplicaci\u00f3n de la piedra SUKABUMI, creando as\u00ed un efecto de rompecabezas infinito.<\/p>\n<p>*Al ser piedra natural, los colores y vetas pueden variar; imagen solo ilustrativa.<\/p>","protected":false},"featured_media":29478,"template":"","meta":{"_acf_changed":false},"product_brand":[],"product_cat":[15,148],"product_tag":[],"class_list":{"0":"post-25988","1":"product","2":"type-product","3":"status-publish","4":"has-post-thumbnail","6":"product_cat-piedra","7":"product_cat-pisos-de-piedra","8":"product_shipping_class-el-envio-se-cotiza-por-separado","9":"pa_size-10x10x01-cm","10":"pa_size-10x30-cm","11":"pa_size-20x20-cm","12":"pa_size-20x30-cm","14":"first","15":"instock","16":"featured","17":"taxable","18":"shipping-taxable","19":"purchasable","20":"product-type-variable","21":"has-default-attributes"},"acf":[],"_links":{"self":[{"href":"https:\/\/sukabumistone.com\/en\/wp-json\/wp\/v2\/product\/25988","targetHints":{"allow":["GET"]}}],"collection":[{"href":"https:\/\/sukabumistone.com\/en\/wp-json\/wp\/v2\/product"}],"about":[{"href":"https:\/\/sukabumistone.com\/en\/wp-json\/wp\/v2\/types\/product"}],"wp:featuredmedia":[{"embeddable":true,"href":"https:\/\/sukabumistone.com\/en\/wp-json\/wp\/v2\/media\/29478"}],"wp:attachment":[{"href":"https:\/\/sukabumistone.com\/en\/wp-json\/wp\/v2\/media?parent=25988"}],"wp:term":[{"taxonomy":"product_brand","embeddable":true,"href":"https:\/\/sukabumistone.com\/en\/wp-json\/wp\/v2\/product_brand?post=25988"},{"taxonomy":"product_cat","embeddable":true,"href":"https:\/\/sukabumistone.com\/en\/wp-json\/wp\/v2\/product_cat?post=25988"},{"taxonomy":"product_tag","embeddable":true,"href":"https:\/\/sukabumistone.com\/en\/wp-json\/wp\/v2\/product_tag?post=25988"}],"curies":[{"name":"wp","href":"https:\/\/api.w.org\/{rel}","templated":true}]}}