{"id":25907,"date":"2022-07-19T18:16:07","date_gmt":"2022-07-19T18:16:07","guid":{"rendered":"https:\/\/sukabumistone.com\/?post_type=product&#038;p=25907"},"modified":"2024-11-13T16:31:59","modified_gmt":"2024-11-13T22:31:59","slug":"tina-de-piedra-de-rio","status":"publish","type":"product","link":"https:\/\/sukabumistone.com\/en\/product\/tina-de-piedra-de-rio\/","title":{"rendered":"River Stone Tub"},"content":{"rendered":"","protected":false},"excerpt":{"rendered":"<p><strong>Un aut\u00e9ntico homenaje a la naturaleza, tallada a partir de una \u00fanica piedra de r\u00edo.<\/strong><\/p>\n<p>Su exterior rugoso refleja su origen salvaje, mientras que el interior pulido invita a la relajaci\u00f3n suprema.<\/p>\n<p>Resistentes y duraderas gracias al sellado en su interior, estas tinas transforman cualquier ba\u00f1o en un oasis personal, fusionando arte y funcionalidad en una sola pieza \u00fanica.<\/p>\n<p>&#8212;<\/p>\n<p>Tina de piedra \u00fanica, dise\u00f1o exclusivo <strong>(no incluye env\u00edo)<\/strong>.<\/p>\n<p>*Illustrative image. Availability inquiry.<\/p>","protected":false},"featured_media":26002,"template":"","meta":{"_acf_changed":false},"product_brand":[],"product_cat":[214,145,125],"product_tag":[],"class_list":{"0":"post-25907","1":"product","2":"type-product","3":"status-publish","4":"has-post-thumbnail","6":"product_cat-piedra-natural","7":"product_cat-tinas-de-piedra","8":"product_cat-productos","9":"product_shipping_class-el-envio-se-cotiza-por-separado","11":"first","12":"instock","13":"taxable","14":"shipping-taxable","15":"purchasable","16":"product-type-simple"},"acf":[],"_links":{"self":[{"href":"https:\/\/sukabumistone.com\/en\/wp-json\/wp\/v2\/product\/25907","targetHints":{"allow":["GET"]}}],"collection":[{"href":"https:\/\/sukabumistone.com\/en\/wp-json\/wp\/v2\/product"}],"about":[{"href":"https:\/\/sukabumistone.com\/en\/wp-json\/wp\/v2\/types\/product"}],"wp:featuredmedia":[{"embeddable":true,"href":"https:\/\/sukabumistone.com\/en\/wp-json\/wp\/v2\/media\/26002"}],"wp:attachment":[{"href":"https:\/\/sukabumistone.com\/en\/wp-json\/wp\/v2\/media?parent=25907"}],"wp:term":[{"taxonomy":"product_brand","embeddable":true,"href":"https:\/\/sukabumistone.com\/en\/wp-json\/wp\/v2\/product_brand?post=25907"},{"taxonomy":"product_cat","embeddable":true,"href":"https:\/\/sukabumistone.com\/en\/wp-json\/wp\/v2\/product_cat?post=25907"},{"taxonomy":"product_tag","embeddable":true,"href":"https:\/\/sukabumistone.com\/en\/wp-json\/wp\/v2\/product_tag?post=25907"}],"curies":[{"name":"wp","href":"https:\/\/api.w.org\/{rel}","templated":true}]}}